{"id":1049,"date":"2025-12-27T14:22:08","date_gmt":"2025-12-27T14:22:08","guid":{"rendered":"http:\/\/mieuxvivreamijoux.fr\/?page_id=1049"},"modified":"2025-12-27T14:22:08","modified_gmt":"2025-12-27T14:22:08","slug":"wp-booking-calendar","status":"publish","type":"page","link":"http:\/\/mieuxvivreamijoux.fr\/?page_id=1049","title":{"rendered":"Formulaire de r\u00e9servation"},"content":{"rendered":" <div id=\"form_id556340759821\"  class=\"wpbc_container wpbc_form wpbc_container_booking_form  \" ><form  id=\"booking_form1\"   class=\"booking_form vertical\" method=\"post\" action=\"\"><div id=\"ajax_respond_insert1\" class=\"ajax_respond_insert\" style=\"display:none;\"><\/div><a name=\"bklnk1\" id=\"bklnk1\"><\/a><div id=\"booking_form_div1\" class=\"booking_form_div\"><style type=\"text\/css\">.wpbc_container_booking_form .block_hints, .wpbc_booking_form_simple.wpbc_form_center .wpbc__form__div .wpbc__row.wpbc_r_calendar,  .wpbc_booking_form_simple .wpbc__form__div .wpbc__row:not(.wpbc_r_calendar){max-width:100%;} <\/style>\n<div class=\"wpbc_booking_form_simple \">\n    <div class=\"wpbc__form__div\">\n\t<div class=\"wpbc_r_calendar wpbc__row\">\n      <div class=\"wpbc_r_calendar wpbc__field\"> <div class=\"wpbc_calendar_wraper wpbc_change_over_triangle wpbc_calendar_skin_legacy\"><div class=\"wpbc_cal_container bk_calendar_frame wpbc_no_custom_width  months_num_in_row_ cal_month_num_1 wpbc_timeslot_day_bg_as_available\" style=\"\"><div id=\"calendar_booking1\"  class=\"wpbc_calendar_id_1\" >\t<style id=\"wpbc_calendar_loader_inline_css\">\r\n\t\t\/* Critical loader styles (scoped by class names) *\/\r\n\t\t.calendar_loader_frame {\r\n\t\t\twidth: calc(341px * var(--wpbc-loader-cols, 1));\r\n\t\t\tmax-width: 100%;\r\n\t\t\theight: 307px;\r\n\t\t\tdisplay: flex;\r\n\t\t\tflex-flow: column nowrap;\r\n\t\t\talign-items: center;\r\n\t\t\tjustify-content: center;\r\n\t\t\tborder-radius: 5px;\r\n\t\t\tbox-shadow: 0 0 2px #ccc;\r\n\t\t\tgap: 15px;\r\n\t\t\t\/* Calendar variables (safe fallbacks) *\/\r\n\t\t\tcolor: var(--wpbc_cal-available-text-color, #2c3e50);\r\n\t\t\tbackground: rgb(from var(--wpbc_cal-available-day-color, #e6f2ff) r g b \/ var(--wpbc_cal-day-bg-color-opacity, 1));\r\n\t\t\tborder: var(--wpbc_cal-day-cell-border-width, 1px) solid var(--wpbc_cal-available-day-color, #aacbeb);\r\n\t\t}\r\n\t\t.calendar_loader_text {\r\n\t\t\tfont-size: 18px;\r\n\t\t\ttext-align: center;\r\n\t\t}\r\n\t\t.calendar_loader_frame__progress_line_container {\r\n\t\t\twidth: 50%;\r\n\t\t\theight: 3px;\r\n\t\t\tmargin-top: 7px;\r\n\t\t\toverflow: hidden;\r\n\t\t\tbackground: #202020;\r\n\t\t\tborder-radius: 30px;\r\n\t\t}\r\n\t\t.calendar_loader_frame__progress_line {\r\n\t\t\twidth: 0%;\r\n\t\t\theight: 3px;\r\n\t\t\tbackground: #8ECE01;\r\n\t\t\tborder-radius: 30px;\r\n\t\t\tanimation: calendar_loader_bar_progress 3s infinite linear;\r\n\t\t}\r\n\t\t@keyframes calendar_loader_bar_progress {\r\n\t\t\tto {\r\n\t\t\t\twidth: 100%;\r\n\t\t\t}\r\n\t\t}\r\n\t\t@media (prefers-reduced-motion: reduce) {\r\n\t\t\t.calendar_loader_frame__progress_line {\r\n\t\t\t\tanimation: none;\r\n\t\t\t\twidth: 50%;\r\n\t\t\t}\r\n\t\t}\r\n\t<\/style>\r\n\t\t<div class=\"calendar_loader_frame calendar_loader_frame1\"\r\n\t\tdata-wpbc-rid=\"1\"\r\n\t\tdata-wpbc-grace=\"8000\"\r\n\t\tstyle=\"--wpbc-loader-cols: 1;\"\r\n\t>\r\n\t\t<div class=\"calendar_loader_text\">Loading...<\/div>\r\n\t\t<div class=\"calendar_loader_frame__progress_line_container\">\r\n\t\t\t<div class=\"calendar_loader_frame__progress_line\"><\/div>\r\n\t\t<\/div>\r\n\t<\/div>\r\n\t<\/div><\/div><textarea id=\"date_booking1\" name=\"date_booking1\" autocomplete=\"off\" style=\"display:none;\"><\/textarea><\/div><\/div>\n\t<\/div>\n\t<div class=\"wpbc__row\">\n      <div class=\"wpbc_r_name wpbc__field\">  <label for=\"name1\">Pr\u00e9nom<\/label><br>   <input type=\"text\" name=\"name1\" id=\"name1\" class=\"input-xlarge\" \/><\/div>\n\n      <div class=\"wpbc_r_secondname wpbc__field\">  <label for=\"secondname1\">Nom<\/label><br>   <input type=\"text\" name=\"secondname1\" id=\"secondname1\" class=\"input-xlarge\" \/><\/div>\n\t<\/div>\n\t<div class=\"wpbc__row\">\n      <div class=\"wpbc_r_email wpbc__field\">  <label for=\"email1\">Email*<\/label><br>   <input type=\"email\" name=\"email1\" id=\"email1\" class=\"input-xlarge wpdev-validates-as-email wpdev-validates-as-required wpdev-validates-as-required\" \/><\/div>\n\n      <div class=\"wpbc_r_phone wpbc__field\">  <label for=\"phone1\">Num\u00e9ro de t\u00e9l\u00e9phone<\/label><br>   <input type=\"text\" name=\"phone1\" id=\"phone1\" class=\"input-xlarge\" \/><\/div>\n\t<\/div>\n\t<div class=\"wpbc__row\">\n      <div class=\"wpbc_r_details wpbc__field\">  <label for=\"details1\">Nombre de personnes<\/label><br>   <textarea  rows=\"3\" name=\"details1\" id=\"details1\" class=\"input-xlarge\" ><\/textarea><\/div>\n\t<\/div>\n\t<div class=\"wpbc__row\">\n      <div class=\"wpbc_r_nombredenuite wpbc__field\">  <label for=\"nombredenuite1\">Nombre de nuit\u00e9e<\/label><br>   <input type=\"text\" name=\"nombredenuite1\" id=\"nombredenuite1\" class=\"input-xlarge\" \/><\/div>\n\n      <div class=\"wpbc_r_adresse wpbc__field\">  <label for=\"adresse1\">Adresse<\/label><br>   <input type=\"text\" name=\"adresse1\" id=\"adresse1\" class=\"input-xlarge\" \/><\/div>\n\t<\/div>\n\t<div class=\"wpbc__row\">\n      <div class=\"wpbc_r_codepostal wpbc__field\">  <label for=\"codepostal1\">Code Postal<\/label><br>   <input type=\"text\" name=\"codepostal1\" id=\"codepostal1\" class=\"input-xlarge\" \/><\/div>\n\n      <div class=\"wpbc_r_ville wpbc__field\">  <label for=\"ville1\">Ville<\/label><br>   <input type=\"text\" name=\"ville1\" id=\"ville1\" class=\"input-xlarge\" \/><\/div>\n\t<\/div>\n\t<div class=\"wpbc__row\">\n      <div class=\"wpbc_r_captcha wpbc__field\"> <\/div>\n\t<\/div>\n\t<div class=\"wpbc__row\">\n      <div class=\"wpbc_r_submit wpbc__field\"> <button class=\"wpbc_button_light\" type=\"button\" onclick=\"mybooking_submit(this.form,1,'fr_FR');\" >Envoyer<\/button>\n<\/div>\n\t<\/div>\n    <\/div>\n<\/div><input id=\"bk_type1\" name=\"bk_type1\" class=\"\" type=\"hidden\" value=\"1\" \/><\/div><div id=\"submiting1\"><\/div><div class=\"form_bk_messages\" id=\"form_bk_messages1\" ><\/div><input type=\"hidden\" id=\"wpbc_nonceCALCULATE_THE_COST1\" name=\"wpbc_nonceCALCULATE_THE_COST1\" value=\"cb4f7ea0ab\" \/><input type=\"hidden\" name=\"_wp_http_referer\" value=\"\/index.php?rest_route=%2Fwp%2Fv2%2Fpages%2F1049\" \/><\/form><\/div><div id=\"booking_form_garbage1\" class=\"booking_form_garbage\"><\/div><script type=\"text\/javascript\"> (function() { var a = setInterval( function() {  if ( ( 'undefined' === typeof _wpbc ) || ( 'undefined' === typeof jQuery ) || ! window.jQuery ) { return; } clearInterval( a ); jQuery( document ).ready( function (){ jQuery(\".widget_wpdev_booking .booking_form.form-horizontal\").removeClass(\"form-horizontal\");\n\t\t\t                        var calendars__on_this_page_list = _wpbc.get_other_param( \"calendars__on_this_page\" ) || [];\n\t\t\t                        var visible_calendars_count = calendars__on_this_page_list.length;\n                                    if (visible_calendars_count !== null ) {\n                                        for (var i=0;i< visible_calendars_count ;i++){\n                                          if ( _wpbc.get_other_param( \"calendars__on_this_page\" )[i] === 1 ) {\n                                          \tconsole.log(\"%c%s\", \"color: #e77; font-weight:bold\", \"Warning! The booking calendar for this resource with the ID = 1 is already on the page. Find more details here: https:\\\/\\\/wpbookingcalendar.com\\\/faq\\\/why-the-booking-calendar-widget-not-show-on-page\\\/\");\n                                          }\n                                        }\n                                        _wpbc.get_other_param( \"calendars__on_this_page\" )[ visible_calendars_count ]=1;\n                                    } } ); }, 500 ); })();<\/script> <script type=\"text\/javascript\"> (function() { var a = setInterval( function() {  if ( ( 'undefined' === typeof _wpbc ) || ( 'undefined' === typeof jQuery ) || ! window.jQuery ) { return; } clearInterval( a ); jQuery( document ).ready( function (){ _wpbc.balancer__set_max_threads( 3 );  _wpbc.calendar__set_param_value( 1 , 'calendar_scroll_to' , false );  _wpbc.calendar__set_param_value( 1 , 'calendar_dates_start' , '' );  _wpbc.calendar__set_param_value( 1 , 'calendar_dates_end' , '' );  _wpbc.calendar__set_param_value( 1 , 'booking_max_monthes_in_calendar' , '10y' );  _wpbc.calendar__set_param_value( 1 , 'booking_start_day_weeek' , '1' );  _wpbc.calendar__set_param_value( 1 , 'calendar_number_of_months' , '1' );   _wpbc.calendar__set_param_value( 1, 'days_select_mode', 'multiple' );   _wpbc.calendar__set_param_value( 1, 'fixed__days_num', 0 );   _wpbc.calendar__set_param_value( 1, 'fixed__week_days__start',   [] );   _wpbc.calendar__set_param_value( 1, 'dynamic__days_min', 0 );   _wpbc.calendar__set_param_value( 1, 'dynamic__days_max', 0 );   _wpbc.calendar__set_param_value( 1, 'dynamic__days_specific',    [] );   _wpbc.calendar__set_param_value( 1, 'dynamic__week_days__start', [] );   _wpbc.calendar__set_param_value( 1, 'booking_date_format', 'F j, Y' );   _wpbc.calendar__set_param_value( 1, 'booking_time_format', 'g:i a' );   if ( 'function' === typeof ( wpbc__conditions__SAVE_INITIAL__days_selection_params__bm ) ){ wpbc__conditions__SAVE_INITIAL__days_selection_params__bm( 1 ); }   wpbc_calendar_show( '1' );   _wpbc.set_secure_param( 'nonce',   '72bd190c3c' );   _wpbc.set_secure_param( 'user_id', '0' );   _wpbc.set_secure_param( 'locale',  'fr_FR' );  wpbc_calendar__load_data__ajx( {\"resource_id\":1,\"booking_hash\":\"\",\"request_uri\":\"\\\/index.php?rest_route=wpv2pages1049\",\"custom_form\":\"standard\",\"aggregate_resource_id_str\":\"\",\"aggregate_type\":\"all\"} ); } ); }, 500 ); })();<\/script>\n","protected":false},"excerpt":{"rendered":"","protected":false},"author":0,"featured_media":0,"parent":0,"menu_order":0,"comment_status":"closed","ping_status":"closed","template":"","meta":{"footnotes":""},"class_list":["post-1049","page","type-page","status-publish","hentry"],"yoast_head":"<!-- This site is optimized with the Yoast SEO plugin v20.5 - https:\/\/yoast.com\/wordpress\/plugins\/seo\/ -->\n<title>Formulaire de r\u00e9servation - Maison Familiale de Saint Marcel<\/title>\n<meta name=\"robots\" content=\"index, follow, max-snippet:-1, max-image-preview:large, max-video-preview:-1\" \/>\n<link rel=\"canonical\" href=\"http:\/\/mieuxvivreamijoux.fr\/?page_id=1049\" \/>\n<meta property=\"og:locale\" content=\"fr_FR\" \/>\n<meta property=\"og:type\" content=\"article\" \/>\n<meta property=\"og:title\" content=\"Formulaire de r\u00e9servation - Maison Familiale de Saint Marcel\" \/>\n<meta property=\"og:url\" content=\"http:\/\/mieuxvivreamijoux.fr\/?page_id=1049\" \/>\n<meta property=\"og:site_name\" content=\"Maison Familiale de Saint Marcel\" \/>\n<meta property=\"article:publisher\" content=\"https:\/\/www.facebook.com\/sejoursgestionlibrefamillesgroupes\/?fref=ts\" \/>\n<meta name=\"twitter:card\" content=\"summary_large_image\" \/>\n<script type=\"application\/ld+json\" class=\"yoast-schema-graph\">{\"@context\":\"https:\/\/schema.org\",\"@graph\":[{\"@type\":\"WebPage\",\"@id\":\"http:\/\/mieuxvivreamijoux.fr\/?page_id=1049\",\"url\":\"http:\/\/mieuxvivreamijoux.fr\/?page_id=1049\",\"name\":\"Formulaire de r\u00e9servation - Maison Familiale de Saint Marcel\",\"isPartOf\":{\"@id\":\"http:\/\/mieuxvivreamijoux.fr\/#website\"},\"datePublished\":\"2025-12-27T14:22:08+00:00\",\"dateModified\":\"2025-12-27T14:22:08+00:00\",\"breadcrumb\":{\"@id\":\"http:\/\/mieuxvivreamijoux.fr\/?page_id=1049#breadcrumb\"},\"inLanguage\":\"fr-FR\",\"potentialAction\":[{\"@type\":\"ReadAction\",\"target\":[\"http:\/\/mieuxvivreamijoux.fr\/?page_id=1049\"]}]},{\"@type\":\"BreadcrumbList\",\"@id\":\"http:\/\/mieuxvivreamijoux.fr\/?page_id=1049#breadcrumb\",\"itemListElement\":[{\"@type\":\"ListItem\",\"position\":1,\"name\":\"Accueil\",\"item\":\"http:\/\/mieuxvivreamijoux.fr\/\"},{\"@type\":\"ListItem\",\"position\":2,\"name\":\"Formulaire de r\u00e9servation\"}]},{\"@type\":\"WebSite\",\"@id\":\"http:\/\/mieuxvivreamijoux.fr\/#website\",\"url\":\"http:\/\/mieuxvivreamijoux.fr\/\",\"name\":\"Maison Familiale de Saint Marcel\",\"description\":\"1120 Route de la Vall\u00e9e &quot;Le Bief Bruyant&quot; \u00e0 Mijoux 01410\",\"publisher\":{\"@id\":\"http:\/\/mieuxvivreamijoux.fr\/#organization\"},\"potentialAction\":[{\"@type\":\"SearchAction\",\"target\":{\"@type\":\"EntryPoint\",\"urlTemplate\":\"http:\/\/mieuxvivreamijoux.fr\/?s={search_term_string}\"},\"query-input\":\"required name=search_term_string\"}],\"inLanguage\":\"fr-FR\"},{\"@type\":\"Organization\",\"@id\":\"http:\/\/mieuxvivreamijoux.fr\/#organization\",\"name\":\"Mieux Vivre\",\"url\":\"http:\/\/mieuxvivreamijoux.fr\/\",\"logo\":{\"@type\":\"ImageObject\",\"inLanguage\":\"fr-FR\",\"@id\":\"http:\/\/mieuxvivreamijoux.fr\/#\/schema\/logo\/image\/\",\"url\":\"http:\/\/mieuxvivreamijoux.fr\/wp-content\/uploads\/2018\/01\/LOGO.png\",\"contentUrl\":\"http:\/\/mieuxvivreamijoux.fr\/wp-content\/uploads\/2018\/01\/LOGO.png\",\"width\":769,\"height\":779,\"caption\":\"Mieux Vivre\"},\"image\":{\"@id\":\"http:\/\/mieuxvivreamijoux.fr\/#\/schema\/logo\/image\/\"},\"sameAs\":[\"https:\/\/www.facebook.com\/sejoursgestionlibrefamillesgroupes\/?fref=ts\"]}]}<\/script>\n<!-- \/ Yoast SEO plugin. -->","yoast_head_json":{"title":"Formulaire de r\u00e9servation - Maison Familiale de Saint Marcel","robots":{"index":"index","follow":"follow","max-snippet":"max-snippet:-1","max-image-preview":"max-image-preview:large","max-video-preview":"max-video-preview:-1"},"canonical":"http:\/\/mieuxvivreamijoux.fr\/?page_id=1049","og_locale":"fr_FR","og_type":"article","og_title":"Formulaire de r\u00e9servation - Maison Familiale de Saint Marcel","og_url":"http:\/\/mieuxvivreamijoux.fr\/?page_id=1049","og_site_name":"Maison Familiale de Saint Marcel","article_publisher":"https:\/\/www.facebook.com\/sejoursgestionlibrefamillesgroupes\/?fref=ts","twitter_card":"summary_large_image","schema":{"@context":"https:\/\/schema.org","@graph":[{"@type":"WebPage","@id":"http:\/\/mieuxvivreamijoux.fr\/?page_id=1049","url":"http:\/\/mieuxvivreamijoux.fr\/?page_id=1049","name":"Formulaire de r\u00e9servation - Maison Familiale de Saint Marcel","isPartOf":{"@id":"http:\/\/mieuxvivreamijoux.fr\/#website"},"datePublished":"2025-12-27T14:22:08+00:00","dateModified":"2025-12-27T14:22:08+00:00","breadcrumb":{"@id":"http:\/\/mieuxvivreamijoux.fr\/?page_id=1049#breadcrumb"},"inLanguage":"fr-FR","potentialAction":[{"@type":"ReadAction","target":["http:\/\/mieuxvivreamijoux.fr\/?page_id=1049"]}]},{"@type":"BreadcrumbList","@id":"http:\/\/mieuxvivreamijoux.fr\/?page_id=1049#breadcrumb","itemListElement":[{"@type":"ListItem","position":1,"name":"Accueil","item":"http:\/\/mieuxvivreamijoux.fr\/"},{"@type":"ListItem","position":2,"name":"Formulaire de r\u00e9servation"}]},{"@type":"WebSite","@id":"http:\/\/mieuxvivreamijoux.fr\/#website","url":"http:\/\/mieuxvivreamijoux.fr\/","name":"Maison Familiale de Saint Marcel","description":"1120 Route de la Vall\u00e9e &quot;Le Bief Bruyant&quot; \u00e0 Mijoux 01410","publisher":{"@id":"http:\/\/mieuxvivreamijoux.fr\/#organization"},"potentialAction":[{"@type":"SearchAction","target":{"@type":"EntryPoint","urlTemplate":"http:\/\/mieuxvivreamijoux.fr\/?s={search_term_string}"},"query-input":"required name=search_term_string"}],"inLanguage":"fr-FR"},{"@type":"Organization","@id":"http:\/\/mieuxvivreamijoux.fr\/#organization","name":"Mieux Vivre","url":"http:\/\/mieuxvivreamijoux.fr\/","logo":{"@type":"ImageObject","inLanguage":"fr-FR","@id":"http:\/\/mieuxvivreamijoux.fr\/#\/schema\/logo\/image\/","url":"http:\/\/mieuxvivreamijoux.fr\/wp-content\/uploads\/2018\/01\/LOGO.png","contentUrl":"http:\/\/mieuxvivreamijoux.fr\/wp-content\/uploads\/2018\/01\/LOGO.png","width":769,"height":779,"caption":"Mieux Vivre"},"image":{"@id":"http:\/\/mieuxvivreamijoux.fr\/#\/schema\/logo\/image\/"},"sameAs":["https:\/\/www.facebook.com\/sejoursgestionlibrefamillesgroupes\/?fref=ts"]}]}},"_links":{"self":[{"href":"http:\/\/mieuxvivreamijoux.fr\/index.php?rest_route=\/wp\/v2\/pages\/1049","targetHints":{"allow":["GET"]}}],"collection":[{"href":"http:\/\/mieuxvivreamijoux.fr\/index.php?rest_route=\/wp\/v2\/pages"}],"about":[{"href":"http:\/\/mieuxvivreamijoux.fr\/index.php?rest_route=\/wp\/v2\/types\/page"}],"replies":[{"embeddable":true,"href":"http:\/\/mieuxvivreamijoux.fr\/index.php?rest_route=%2Fwp%2Fv2%2Fcomments&post=1049"}],"version-history":[{"count":0,"href":"http:\/\/mieuxvivreamijoux.fr\/index.php?rest_route=\/wp\/v2\/pages\/1049\/revisions"}],"wp:attachment":[{"href":"http:\/\/mieuxvivreamijoux.fr\/index.php?rest_route=%2Fwp%2Fv2%2Fmedia&parent=1049"}],"curies":[{"name":"wp","href":"https:\/\/api.w.org\/{rel}","templated":true}]}}