{"id":141,"date":"2017-12-15T12:06:01","date_gmt":"2017-12-15T12:06:01","guid":{"rendered":"http:\/\/mieuxvivreamijoux.fr\/?page_id=141"},"modified":"2026-01-24T14:11:39","modified_gmt":"2026-01-24T14:11:39","slug":"tarifs","status":"publish","type":"page","link":"http:\/\/mieuxvivreamijoux.fr\/?page_id=141","title":{"rendered":"Tarifs"},"content":{"rendered":"\t\t<div data-elementor-type=\"wp-page\" data-elementor-id=\"141\" class=\"elementor elementor-141\">\n\t\t\t\t\t\t<section class=\"elementor-section elementor-top-section elementor-element elementor-element-21c07f3 elementor-section-boxed elementor-section-height-default elementor-section-height-default\" data-id=\"21c07f3\" data-element_type=\"section\">\n\t\t\t\t\t\t<div class=\"elementor-container elementor-column-gap-default\">\n\t\t\t\t\t<div class=\"elementor-column elementor-col-100 elementor-top-column elementor-element elementor-element-1395438\" data-id=\"1395438\" data-element_type=\"column\">\n\t\t\t<div class=\"elementor-widget-wrap elementor-element-populated\">\n\t\t\t\t\t\t<div class=\"elementor-element elementor-element-d2ed06b elementor-widget elementor-widget-html\" data-id=\"d2ed06b\" data-element_type=\"widget\" data-widget_type=\"html.default\">\n\t\t\t\t<div class=\"elementor-widget-container\">\n\t\t\t\t\t<tarifs3>TARIFS :<\/tarifs3><br\/>\r\n\r\n\r\n<ul><tarifs>26 \u20ac \/ jour \/ personne<\/tarifs><\/ul>\r\n<ul><tarifs>18 \u20ac \/ personne \u00e0 partir de la 3\u00e8me nuit\u00e9e <\/tarifs><\/ul>\r\n<ul><tarifs>20 \u20ac \/ personne \/ nuit\u00e9e \u00e0 partir de 50 personnes <\/tarifs><\/ul>\r\n<ul><tarifs>1\/2 tarif pour les enfants de 4 \u00e0 12 ans<\/tarifs><\/ul>\r\n\r\n<tarifs2>NB:<\/tarifs2>\r\n<ul><tarifs>Gratuit pour les enfants de moins de 4 ans.<\/tarifs><\/ul>\r\n<ul><tarifs><b><i><u>La facturation sera d'un montant minimum de 580 \u20ac. <\/b><\/i><\/u><\/tarifs><\/ul>\r\n\r\n<\/b><\/i><\/u><\/tarifs><\/ul>\r\n<ul><tarifs>Taxe de s\u00e9jour, tarif en vigueur : 0.70\u20ac \/ adulte \/ jour<\/tarifs><\/ul>\r\n<ul><tarifs>Carte d'adh\u00e9sion \u00e0 10 \u20ac par groupe \/ ann\u00e9e<\/tarifs><\/ul>\r\n<ul><tarifs><b><i><u>Associations de St Marcel, nous contacter. <\/b><\/i><\/u><\/tarifs><\/ul>\r\n<ul><tarifs><b><u>R\u00e8glements accept\u00e9s :<\/u><\/b> Ch\u00e8ques Bancaires, Virements, Ch\u00e8ques Vacances<\/tarifs><\/ul>\r\n<ul><tarifs><\/b> En fin de s\u00e9jour, une personne agr\u00e9\u00e9e peux \u00e9galement faire le m\u00e9nage \u00e0 votre place si vous le souhaitez, moyennant contribution<\/tarifs><\/ul>\r\n\r\n\t\t\t\t<\/div>\n\t\t\t\t<\/div>\n\t\t\t\t\t<\/div>\n\t\t<\/div>\n\t\t\t\t\t<\/div>\n\t\t<\/section>\n\t\t\t\t<\/div>\n\t\t","protected":false},"excerpt":{"rendered":"<p>TARIFS : 26 \u20ac \/ jour \/ personne 18 \u20ac \/ personne \u00e0 partir de la 3\u00e8me nuit\u00e9e 20 \u20ac \/ personne \/&#8230;<\/p>\n","protected":false},"author":1,"featured_media":0,"parent":17,"menu_order":0,"comment_status":"closed","ping_status":"closed","template":"","meta":{"footnotes":""},"class_list":["post-141","page","type-page","status-publish","hentry"],"yoast_head":"<!-- This site is optimized with the Yoast SEO plugin v20.5 - https:\/\/yoast.com\/wordpress\/plugins\/seo\/ -->\n<title>Maison familiale de Saint Marcel \u00e0 Mijoux (le Bief Bruyant)<\/title>\n<meta name=\"robots\" content=\"index, follow, max-snippet:-1, max-image-preview:large, max-video-preview:-1\" \/>\n<link rel=\"canonical\" href=\"http:\/\/mieuxvivreamijoux.fr\/?page_id=141\" \/>\n<meta property=\"og:locale\" content=\"fr_FR\" \/>\n<meta property=\"og:type\" content=\"article\" \/>\n<meta property=\"og:title\" content=\"Maison familiale de Saint Marcel \u00e0 Mijoux (le Bief Bruyant)\" \/>\n<meta property=\"og:description\" content=\"TARIFS : 26 \u20ac \/ jour \/ personne 18 \u20ac \/ personne \u00e0 partir de la 3\u00e8me nuit\u00e9e 20 \u20ac \/ personne \/...\" \/>\n<meta property=\"og:url\" content=\"http:\/\/mieuxvivreamijoux.fr\/?page_id=141\" \/>\n<meta property=\"og:site_name\" content=\"Maison Familiale de Saint Marcel\" \/>\n<meta property=\"article:publisher\" content=\"https:\/\/www.facebook.com\/sejoursgestionlibrefamillesgroupes\/?fref=ts\" \/>\n<meta property=\"article:modified_time\" content=\"2026-01-24T14:11:39+00:00\" \/>\n<meta name=\"twitter:card\" content=\"summary_large_image\" \/>\n<meta name=\"twitter:label1\" content=\"Dur\u00e9e de lecture estim\u00e9e\" \/>\n\t<meta name=\"twitter:data1\" content=\"1 minute\" \/>\n<script type=\"application\/ld+json\" class=\"yoast-schema-graph\">{\"@context\":\"https:\/\/schema.org\",\"@graph\":[{\"@type\":\"WebPage\",\"@id\":\"http:\/\/mieuxvivreamijoux.fr\/?page_id=141\",\"url\":\"http:\/\/mieuxvivreamijoux.fr\/?page_id=141\",\"name\":\"Maison familiale de Saint Marcel \u00e0 Mijoux (le Bief Bruyant)\",\"isPartOf\":{\"@id\":\"http:\/\/mieuxvivreamijoux.fr\/#website\"},\"datePublished\":\"2017-12-15T12:06:01+00:00\",\"dateModified\":\"2026-01-24T14:11:39+00:00\",\"breadcrumb\":{\"@id\":\"http:\/\/mieuxvivreamijoux.fr\/?page_id=141#breadcrumb\"},\"inLanguage\":\"fr-FR\",\"potentialAction\":[{\"@type\":\"ReadAction\",\"target\":[\"http:\/\/mieuxvivreamijoux.fr\/?page_id=141\"]}]},{\"@type\":\"BreadcrumbList\",\"@id\":\"http:\/\/mieuxvivreamijoux.fr\/?page_id=141#breadcrumb\",\"itemListElement\":[{\"@type\":\"ListItem\",\"position\":1,\"name\":\"Accueil\",\"item\":\"http:\/\/mieuxvivreamijoux.fr\/\"},{\"@type\":\"ListItem\",\"position\":2,\"name\":\"Maison Familiale de Saint Marcel\",\"item\":\"http:\/\/mieuxvivreamijoux.fr\/?page_id=17\"},{\"@type\":\"ListItem\",\"position\":3,\"name\":\"Tarifs\"}]},{\"@type\":\"WebSite\",\"@id\":\"http:\/\/mieuxvivreamijoux.fr\/#website\",\"url\":\"http:\/\/mieuxvivreamijoux.fr\/\",\"name\":\"Maison Familiale de Saint Marcel\",\"description\":\"1120 Route de la Vall\u00e9e &quot;Le Bief Bruyant&quot; \u00e0 Mijoux 01410\",\"publisher\":{\"@id\":\"http:\/\/mieuxvivreamijoux.fr\/#organization\"},\"potentialAction\":[{\"@type\":\"SearchAction\",\"target\":{\"@type\":\"EntryPoint\",\"urlTemplate\":\"http:\/\/mieuxvivreamijoux.fr\/?s={search_term_string}\"},\"query-input\":\"required name=search_term_string\"}],\"inLanguage\":\"fr-FR\"},{\"@type\":\"Organization\",\"@id\":\"http:\/\/mieuxvivreamijoux.fr\/#organization\",\"name\":\"Mieux Vivre\",\"url\":\"http:\/\/mieuxvivreamijoux.fr\/\",\"logo\":{\"@type\":\"ImageObject\",\"inLanguage\":\"fr-FR\",\"@id\":\"http:\/\/mieuxvivreamijoux.fr\/#\/schema\/logo\/image\/\",\"url\":\"http:\/\/mieuxvivreamijoux.fr\/wp-content\/uploads\/2018\/01\/LOGO.png\",\"contentUrl\":\"http:\/\/mieuxvivreamijoux.fr\/wp-content\/uploads\/2018\/01\/LOGO.png\",\"width\":769,\"height\":779,\"caption\":\"Mieux Vivre\"},\"image\":{\"@id\":\"http:\/\/mieuxvivreamijoux.fr\/#\/schema\/logo\/image\/\"},\"sameAs\":[\"https:\/\/www.facebook.com\/sejoursgestionlibrefamillesgroupes\/?fref=ts\"]}]}<\/script>\n<!-- \/ Yoast SEO plugin. -->","yoast_head_json":{"title":"Maison familiale de Saint Marcel \u00e0 Mijoux (le Bief Bruyant)","robots":{"index":"index","follow":"follow","max-snippet":"max-snippet:-1","max-image-preview":"max-image-preview:large","max-video-preview":"max-video-preview:-1"},"canonical":"http:\/\/mieuxvivreamijoux.fr\/?page_id=141","og_locale":"fr_FR","og_type":"article","og_title":"Maison familiale de Saint Marcel \u00e0 Mijoux (le Bief Bruyant)","og_description":"TARIFS : 26 \u20ac \/ jour \/ personne 18 \u20ac \/ personne \u00e0 partir de la 3\u00e8me nuit\u00e9e 20 \u20ac \/ personne \/...","og_url":"http:\/\/mieuxvivreamijoux.fr\/?page_id=141","og_site_name":"Maison Familiale de Saint Marcel","article_publisher":"https:\/\/www.facebook.com\/sejoursgestionlibrefamillesgroupes\/?fref=ts","article_modified_time":"2026-01-24T14:11:39+00:00","twitter_card":"summary_large_image","twitter_misc":{"Dur\u00e9e de lecture estim\u00e9e":"1 minute"},"schema":{"@context":"https:\/\/schema.org","@graph":[{"@type":"WebPage","@id":"http:\/\/mieuxvivreamijoux.fr\/?page_id=141","url":"http:\/\/mieuxvivreamijoux.fr\/?page_id=141","name":"Maison familiale de Saint Marcel \u00e0 Mijoux (le Bief Bruyant)","isPartOf":{"@id":"http:\/\/mieuxvivreamijoux.fr\/#website"},"datePublished":"2017-12-15T12:06:01+00:00","dateModified":"2026-01-24T14:11:39+00:00","breadcrumb":{"@id":"http:\/\/mieuxvivreamijoux.fr\/?page_id=141#breadcrumb"},"inLanguage":"fr-FR","potentialAction":[{"@type":"ReadAction","target":["http:\/\/mieuxvivreamijoux.fr\/?page_id=141"]}]},{"@type":"BreadcrumbList","@id":"http:\/\/mieuxvivreamijoux.fr\/?page_id=141#breadcrumb","itemListElement":[{"@type":"ListItem","position":1,"name":"Accueil","item":"http:\/\/mieuxvivreamijoux.fr\/"},{"@type":"ListItem","position":2,"name":"Maison Familiale de Saint Marcel","item":"http:\/\/mieuxvivreamijoux.fr\/?page_id=17"},{"@type":"ListItem","position":3,"name":"Tarifs"}]},{"@type":"WebSite","@id":"http:\/\/mieuxvivreamijoux.fr\/#website","url":"http:\/\/mieuxvivreamijoux.fr\/","name":"Maison Familiale de Saint Marcel","description":"1120 Route de la Vall\u00e9e &quot;Le Bief Bruyant&quot; \u00e0 Mijoux 01410","publisher":{"@id":"http:\/\/mieuxvivreamijoux.fr\/#organization"},"potentialAction":[{"@type":"SearchAction","target":{"@type":"EntryPoint","urlTemplate":"http:\/\/mieuxvivreamijoux.fr\/?s={search_term_string}"},"query-input":"required name=search_term_string"}],"inLanguage":"fr-FR"},{"@type":"Organization","@id":"http:\/\/mieuxvivreamijoux.fr\/#organization","name":"Mieux Vivre","url":"http:\/\/mieuxvivreamijoux.fr\/","logo":{"@type":"ImageObject","inLanguage":"fr-FR","@id":"http:\/\/mieuxvivreamijoux.fr\/#\/schema\/logo\/image\/","url":"http:\/\/mieuxvivreamijoux.fr\/wp-content\/uploads\/2018\/01\/LOGO.png","contentUrl":"http:\/\/mieuxvivreamijoux.fr\/wp-content\/uploads\/2018\/01\/LOGO.png","width":769,"height":779,"caption":"Mieux Vivre"},"image":{"@id":"http:\/\/mieuxvivreamijoux.fr\/#\/schema\/logo\/image\/"},"sameAs":["https:\/\/www.facebook.com\/sejoursgestionlibrefamillesgroupes\/?fref=ts"]}]}},"_links":{"self":[{"href":"http:\/\/mieuxvivreamijoux.fr\/index.php?rest_route=\/wp\/v2\/pages\/141","targetHints":{"allow":["GET"]}}],"collection":[{"href":"http:\/\/mieuxvivreamijoux.fr\/index.php?rest_route=\/wp\/v2\/pages"}],"about":[{"href":"http:\/\/mieuxvivreamijoux.fr\/index.php?rest_route=\/wp\/v2\/types\/page"}],"author":[{"embeddable":true,"href":"http:\/\/mieuxvivreamijoux.fr\/index.php?rest_route=\/wp\/v2\/users\/1"}],"replies":[{"embeddable":true,"href":"http:\/\/mieuxvivreamijoux.fr\/index.php?rest_route=%2Fwp%2Fv2%2Fcomments&post=141"}],"version-history":[{"count":92,"href":"http:\/\/mieuxvivreamijoux.fr\/index.php?rest_route=\/wp\/v2\/pages\/141\/revisions"}],"predecessor-version":[{"id":1053,"href":"http:\/\/mieuxvivreamijoux.fr\/index.php?rest_route=\/wp\/v2\/pages\/141\/revisions\/1053"}],"up":[{"embeddable":true,"href":"http:\/\/mieuxvivreamijoux.fr\/index.php?rest_route=\/wp\/v2\/pages\/17"}],"wp:attachment":[{"href":"http:\/\/mieuxvivreamijoux.fr\/index.php?rest_route=%2Fwp%2Fv2%2Fmedia&parent=141"}],"curies":[{"name":"wp","href":"https:\/\/api.w.org\/{rel}","templated":true}]}}