{"id":21,"date":"2017-12-12T10:21:21","date_gmt":"2017-12-12T10:21:21","guid":{"rendered":"http:\/\/mieuxvivreamijoux.fr\/?page_id=21"},"modified":"2023-08-24T16:59:11","modified_gmt":"2023-08-24T16:59:11","slug":"randonnees","status":"publish","type":"page","link":"http:\/\/mieuxvivreamijoux.fr\/?page_id=21","title":{"rendered":"Randonn\u00e9es"},"content":{"rendered":"\t\t<div data-elementor-type=\"wp-page\" data-elementor-id=\"21\" class=\"elementor elementor-21\">\n\t\t\t\t\t\t<section class=\"elementor-section elementor-top-section elementor-element elementor-element-2bb42894 elementor-section-boxed elementor-section-height-default elementor-section-height-default\" data-id=\"2bb42894\" data-element_type=\"section\">\n\t\t\t\t\t\t<div class=\"elementor-container elementor-column-gap-default\">\n\t\t\t\t\t<div class=\"elementor-column elementor-col-100 elementor-top-column elementor-element elementor-element-6eba65c5\" data-id=\"6eba65c5\" data-element_type=\"column\">\n\t\t\t<div class=\"elementor-widget-wrap elementor-element-populated\">\n\t\t\t\t\t\t<div class=\"elementor-element elementor-element-6a74f1e7 elementor-widget elementor-widget-text-editor\" data-id=\"6a74f1e7\" data-element_type=\"widget\" data-widget_type=\"text-editor.default\">\n\t\t\t\t<div class=\"elementor-widget-container\">\n\t\t\t\t\t\t\t\t\t<div align=\"center\"><p><span style=\"color: #000000;\">De nombreuses randonn\u00e9es sont \u00e0 r\u00e9aliser dans la r\u00e9gion :<\/span><\/p><\/div>\t\t\t\t\t\t\t\t<\/div>\n\t\t\t\t<\/div>\n\t\t\t\t\t<\/div>\n\t\t<\/div>\n\t\t\t\t\t<\/div>\n\t\t<\/section>\n\t\t\t\t<section class=\"elementor-section elementor-top-section elementor-element elementor-element-e5fae1e elementor-section-boxed elementor-section-height-default elementor-section-height-default\" data-id=\"e5fae1e\" data-element_type=\"section\">\n\t\t\t\t\t\t<div class=\"elementor-container elementor-column-gap-default\">\n\t\t\t\t\t<div class=\"elementor-column elementor-col-100 elementor-top-column elementor-element elementor-element-14c06e0\" data-id=\"14c06e0\" data-element_type=\"column\">\n\t\t\t<div class=\"elementor-widget-wrap elementor-element-populated\">\n\t\t\t\t\t\t<div class=\"elementor-element elementor-element-96a7df8 elementor-widget elementor-widget-image\" data-id=\"96a7df8\" data-element_type=\"widget\" data-widget_type=\"image.default\">\n\t\t\t\t<div class=\"elementor-widget-container\">\n\t\t\t\t\t\t\t\t\t\t\t\t\t\t\t\t<a href=\"https:\/\/www.visorando.com\/\">\n\t\t\t\t\t\t\t<img decoding=\"async\" width=\"300\" height=\"67\" src=\"http:\/\/mieuxvivreamijoux.fr\/wp-content\/uploads\/2017\/12\/logo_visorando-300x67.png\" class=\"attachment-medium size-medium wp-image-475\" alt=\"mieux vivre\" srcset=\"http:\/\/mieuxvivreamijoux.fr\/wp-content\/uploads\/2017\/12\/logo_visorando-300x67.png 300w, http:\/\/mieuxvivreamijoux.fr\/wp-content\/uploads\/2017\/12\/logo_visorando.png 409w\" sizes=\"(max-width: 300px) 100vw, 300px\" \/>\t\t\t\t\t\t\t\t<\/a>\n\t\t\t\t\t\t\t\t\t\t\t\t\t\t\t<\/div>\n\t\t\t\t<\/div>\n\t\t\t\t\t<\/div>\n\t\t<\/div>\n\t\t\t\t\t<\/div>\n\t\t<\/section>\n\t\t\t\t<\/div>\n\t\t","protected":false},"excerpt":{"rendered":"<p>De nombreuses randonn\u00e9es sont \u00e0 r\u00e9aliser dans la r\u00e9gion :<\/p>\n","protected":false},"author":1,"featured_media":0,"parent":0,"menu_order":0,"comment_status":"closed","ping_status":"closed","template":"","meta":{"footnotes":""},"class_list":["post-21","page","type-page","status-publish","hentry"],"yoast_head":"<!-- This site is optimized with the Yoast SEO plugin v20.5 - https:\/\/yoast.com\/wordpress\/plugins\/seo\/ -->\n<title>Maison familiale de Saint Marcel \u00e0 Mijoux (le Bief Bruyant)<\/title>\n<meta name=\"robots\" content=\"index, follow, max-snippet:-1, max-image-preview:large, max-video-preview:-1\" \/>\n<link rel=\"canonical\" href=\"http:\/\/mieuxvivreamijoux.fr\/?page_id=21\" \/>\n<meta property=\"og:locale\" content=\"fr_FR\" \/>\n<meta property=\"og:type\" content=\"article\" \/>\n<meta property=\"og:title\" content=\"Maison familiale de Saint Marcel \u00e0 Mijoux (le Bief Bruyant)\" \/>\n<meta property=\"og:description\" content=\"De nombreuses randonn\u00e9es sont \u00e0 r\u00e9aliser dans la r\u00e9gion :\" \/>\n<meta property=\"og:url\" content=\"http:\/\/mieuxvivreamijoux.fr\/?page_id=21\" \/>\n<meta property=\"og:site_name\" content=\"Maison Familiale de Saint Marcel\" \/>\n<meta property=\"article:publisher\" content=\"https:\/\/www.facebook.com\/sejoursgestionlibrefamillesgroupes\/?fref=ts\" \/>\n<meta property=\"article:modified_time\" content=\"2023-08-24T16:59:11+00:00\" \/>\n<meta property=\"og:image\" content=\"http:\/\/mieuxvivreamijoux.fr\/wp-content\/uploads\/2017\/12\/logo_visorando-300x67.png\" \/>\n<meta name=\"twitter:card\" content=\"summary_large_image\" \/>\n<meta name=\"twitter:label1\" content=\"Dur\u00e9e de lecture estim\u00e9e\" \/>\n\t<meta name=\"twitter:data1\" content=\"1 minute\" \/>\n<script type=\"application\/ld+json\" class=\"yoast-schema-graph\">{\"@context\":\"https:\/\/schema.org\",\"@graph\":[{\"@type\":\"WebPage\",\"@id\":\"http:\/\/mieuxvivreamijoux.fr\/?page_id=21\",\"url\":\"http:\/\/mieuxvivreamijoux.fr\/?page_id=21\",\"name\":\"Maison familiale de Saint Marcel \u00e0 Mijoux (le Bief Bruyant)\",\"isPartOf\":{\"@id\":\"http:\/\/mieuxvivreamijoux.fr\/#website\"},\"datePublished\":\"2017-12-12T10:21:21+00:00\",\"dateModified\":\"2023-08-24T16:59:11+00:00\",\"breadcrumb\":{\"@id\":\"http:\/\/mieuxvivreamijoux.fr\/?page_id=21#breadcrumb\"},\"inLanguage\":\"fr-FR\",\"potentialAction\":[{\"@type\":\"ReadAction\",\"target\":[\"http:\/\/mieuxvivreamijoux.fr\/?page_id=21\"]}]},{\"@type\":\"BreadcrumbList\",\"@id\":\"http:\/\/mieuxvivreamijoux.fr\/?page_id=21#breadcrumb\",\"itemListElement\":[{\"@type\":\"ListItem\",\"position\":1,\"name\":\"Accueil\",\"item\":\"http:\/\/mieuxvivreamijoux.fr\/\"},{\"@type\":\"ListItem\",\"position\":2,\"name\":\"Randonn\u00e9es\"}]},{\"@type\":\"WebSite\",\"@id\":\"http:\/\/mieuxvivreamijoux.fr\/#website\",\"url\":\"http:\/\/mieuxvivreamijoux.fr\/\",\"name\":\"Maison Familiale de Saint Marcel\",\"description\":\"1120 Route de la Vall\u00e9e &quot;Le Bief Bruyant&quot; \u00e0 Mijoux 01410\",\"publisher\":{\"@id\":\"http:\/\/mieuxvivreamijoux.fr\/#organization\"},\"potentialAction\":[{\"@type\":\"SearchAction\",\"target\":{\"@type\":\"EntryPoint\",\"urlTemplate\":\"http:\/\/mieuxvivreamijoux.fr\/?s={search_term_string}\"},\"query-input\":\"required name=search_term_string\"}],\"inLanguage\":\"fr-FR\"},{\"@type\":\"Organization\",\"@id\":\"http:\/\/mieuxvivreamijoux.fr\/#organization\",\"name\":\"Mieux Vivre\",\"url\":\"http:\/\/mieuxvivreamijoux.fr\/\",\"logo\":{\"@type\":\"ImageObject\",\"inLanguage\":\"fr-FR\",\"@id\":\"http:\/\/mieuxvivreamijoux.fr\/#\/schema\/logo\/image\/\",\"url\":\"http:\/\/mieuxvivreamijoux.fr\/wp-content\/uploads\/2018\/01\/LOGO.png\",\"contentUrl\":\"http:\/\/mieuxvivreamijoux.fr\/wp-content\/uploads\/2018\/01\/LOGO.png\",\"width\":769,\"height\":779,\"caption\":\"Mieux Vivre\"},\"image\":{\"@id\":\"http:\/\/mieuxvivreamijoux.fr\/#\/schema\/logo\/image\/\"},\"sameAs\":[\"https:\/\/www.facebook.com\/sejoursgestionlibrefamillesgroupes\/?fref=ts\"]}]}<\/script>\n<!-- \/ Yoast SEO plugin. -->","yoast_head_json":{"title":"Maison familiale de Saint Marcel \u00e0 Mijoux (le Bief Bruyant)","robots":{"index":"index","follow":"follow","max-snippet":"max-snippet:-1","max-image-preview":"max-image-preview:large","max-video-preview":"max-video-preview:-1"},"canonical":"http:\/\/mieuxvivreamijoux.fr\/?page_id=21","og_locale":"fr_FR","og_type":"article","og_title":"Maison familiale de Saint Marcel \u00e0 Mijoux (le Bief Bruyant)","og_description":"De nombreuses randonn\u00e9es sont \u00e0 r\u00e9aliser dans la r\u00e9gion :","og_url":"http:\/\/mieuxvivreamijoux.fr\/?page_id=21","og_site_name":"Maison Familiale de Saint Marcel","article_publisher":"https:\/\/www.facebook.com\/sejoursgestionlibrefamillesgroupes\/?fref=ts","article_modified_time":"2023-08-24T16:59:11+00:00","og_image":[{"url":"http:\/\/mieuxvivreamijoux.fr\/wp-content\/uploads\/2017\/12\/logo_visorando-300x67.png"}],"twitter_card":"summary_large_image","twitter_misc":{"Dur\u00e9e de lecture estim\u00e9e":"1 minute"},"schema":{"@context":"https:\/\/schema.org","@graph":[{"@type":"WebPage","@id":"http:\/\/mieuxvivreamijoux.fr\/?page_id=21","url":"http:\/\/mieuxvivreamijoux.fr\/?page_id=21","name":"Maison familiale de Saint Marcel \u00e0 Mijoux (le Bief Bruyant)","isPartOf":{"@id":"http:\/\/mieuxvivreamijoux.fr\/#website"},"datePublished":"2017-12-12T10:21:21+00:00","dateModified":"2023-08-24T16:59:11+00:00","breadcrumb":{"@id":"http:\/\/mieuxvivreamijoux.fr\/?page_id=21#breadcrumb"},"inLanguage":"fr-FR","potentialAction":[{"@type":"ReadAction","target":["http:\/\/mieuxvivreamijoux.fr\/?page_id=21"]}]},{"@type":"BreadcrumbList","@id":"http:\/\/mieuxvivreamijoux.fr\/?page_id=21#breadcrumb","itemListElement":[{"@type":"ListItem","position":1,"name":"Accueil","item":"http:\/\/mieuxvivreamijoux.fr\/"},{"@type":"ListItem","position":2,"name":"Randonn\u00e9es"}]},{"@type":"WebSite","@id":"http:\/\/mieuxvivreamijoux.fr\/#website","url":"http:\/\/mieuxvivreamijoux.fr\/","name":"Maison Familiale de Saint Marcel","description":"1120 Route de la Vall\u00e9e &quot;Le Bief Bruyant&quot; \u00e0 Mijoux 01410","publisher":{"@id":"http:\/\/mieuxvivreamijoux.fr\/#organization"},"potentialAction":[{"@type":"SearchAction","target":{"@type":"EntryPoint","urlTemplate":"http:\/\/mieuxvivreamijoux.fr\/?s={search_term_string}"},"query-input":"required name=search_term_string"}],"inLanguage":"fr-FR"},{"@type":"Organization","@id":"http:\/\/mieuxvivreamijoux.fr\/#organization","name":"Mieux Vivre","url":"http:\/\/mieuxvivreamijoux.fr\/","logo":{"@type":"ImageObject","inLanguage":"fr-FR","@id":"http:\/\/mieuxvivreamijoux.fr\/#\/schema\/logo\/image\/","url":"http:\/\/mieuxvivreamijoux.fr\/wp-content\/uploads\/2018\/01\/LOGO.png","contentUrl":"http:\/\/mieuxvivreamijoux.fr\/wp-content\/uploads\/2018\/01\/LOGO.png","width":769,"height":779,"caption":"Mieux Vivre"},"image":{"@id":"http:\/\/mieuxvivreamijoux.fr\/#\/schema\/logo\/image\/"},"sameAs":["https:\/\/www.facebook.com\/sejoursgestionlibrefamillesgroupes\/?fref=ts"]}]}},"_links":{"self":[{"href":"http:\/\/mieuxvivreamijoux.fr\/index.php?rest_route=\/wp\/v2\/pages\/21","targetHints":{"allow":["GET"]}}],"collection":[{"href":"http:\/\/mieuxvivreamijoux.fr\/index.php?rest_route=\/wp\/v2\/pages"}],"about":[{"href":"http:\/\/mieuxvivreamijoux.fr\/index.php?rest_route=\/wp\/v2\/types\/page"}],"author":[{"embeddable":true,"href":"http:\/\/mieuxvivreamijoux.fr\/index.php?rest_route=\/wp\/v2\/users\/1"}],"replies":[{"embeddable":true,"href":"http:\/\/mieuxvivreamijoux.fr\/index.php?rest_route=%2Fwp%2Fv2%2Fcomments&post=21"}],"version-history":[{"count":27,"href":"http:\/\/mieuxvivreamijoux.fr\/index.php?rest_route=\/wp\/v2\/pages\/21\/revisions"}],"predecessor-version":[{"id":988,"href":"http:\/\/mieuxvivreamijoux.fr\/index.php?rest_route=\/wp\/v2\/pages\/21\/revisions\/988"}],"wp:attachment":[{"href":"http:\/\/mieuxvivreamijoux.fr\/index.php?rest_route=%2Fwp%2Fv2%2Fmedia&parent=21"}],"curies":[{"name":"wp","href":"https:\/\/api.w.org\/{rel}","templated":true}]}}