{"id":220,"date":"2017-12-17T14:47:33","date_gmt":"2017-12-17T14:47:33","guid":{"rendered":"http:\/\/mieuxvivreamijoux.fr\/?page_id=220"},"modified":"2018-02-04T14:29:30","modified_gmt":"2018-02-04T14:29:30","slug":"presentation","status":"publish","type":"page","link":"http:\/\/mieuxvivreamijoux.fr\/?page_id=220","title":{"rendered":"Pr\u00e9sentation"},"content":{"rendered":"\t\t<div data-elementor-type=\"wp-page\" data-elementor-id=\"220\" class=\"elementor elementor-220 elementor-bc-flex-widget\">\n\t\t\t\t\t\t<section class=\"elementor-section elementor-top-section elementor-element elementor-element-cbae4d3 elementor-section-boxed elementor-section-height-default elementor-section-height-default\" data-id=\"cbae4d3\" data-element_type=\"section\">\n\t\t\t\t\t\t<div class=\"elementor-container elementor-column-gap-default\">\n\t\t\t\t\t<div class=\"elementor-column elementor-col-50 elementor-top-column elementor-element elementor-element-2d0f752\" data-id=\"2d0f752\" data-element_type=\"column\">\n\t\t\t<div class=\"elementor-widget-wrap elementor-element-populated\">\n\t\t\t\t\t\t<div class=\"elementor-element elementor-element-20164dc elementor-widget elementor-widget-html\" data-id=\"20164dc\" data-element_type=\"widget\" data-widget_type=\"html.default\">\n\t\t\t\t<div class=\"elementor-widget-container\">\n\t\t\t\t\t<presentation>Mijoux est en r\u00e9gion Rh\u00f4ne-Alpes, dans le d\u00e9partement de l'Ain, et fait partie de l'intercommunalit\u00e9 du Pays de Gex.<\/presentation>\r\n<presentation>C'est un magnifique village situ\u00e9 dans la \r\nvall\u00e9e de la Valserine et fait partie des Monts Jura, dont les remont\u00e9es\r\n unissent Mijoux au Col de la Faucille et au Mont Rond.<\/presentation>\r\n\r\n<presentation>Les hivers sont plut\u00f4t neigeux et froids, les \u00e9t\u00e9s doux et agr\u00e9ables.<\/presentation>\r\n\r\n<presentation>Situ\u00e9 \u00e0 environ 1000m d'altitude, vous y trouverez, un calme merveilleux au milieu des clarines et du ruissellement de l'eau.<\/presentation>\t\t\t\t<\/div>\n\t\t\t\t<\/div>\n\t\t\t\t\t<\/div>\n\t\t<\/div>\n\t\t\t\t<div class=\"elementor-column elementor-col-50 elementor-top-column elementor-element elementor-element-569d36a\" data-id=\"569d36a\" data-element_type=\"column\">\n\t\t\t<div class=\"elementor-widget-wrap elementor-element-populated\">\n\t\t\t\t\t\t<div class=\"elementor-element elementor-element-d1b6e92 elementor-widget elementor-widget-image\" data-id=\"d1b6e92\" data-element_type=\"widget\" data-widget_type=\"image.default\">\n\t\t\t\t<div class=\"elementor-widget-container\">\n\t\t\t\t\t\t\t\t\t\t\t\t\t\t\t<img fetchpriority=\"high\" decoding=\"async\" width=\"860\" height=\"430\" src=\"http:\/\/mieuxvivreamijoux.fr\/wp-content\/uploads\/2017\/12\/Paysage-et-maison-860x430.jpg\" class=\"attachment-fifteen-slider-thumb size-fifteen-slider-thumb wp-image-193\" alt=\"colonie\" \/>\t\t\t\t\t\t\t\t\t\t\t\t\t\t\t<\/div>\n\t\t\t\t<\/div>\n\t\t\t\t\t<\/div>\n\t\t<\/div>\n\t\t\t\t\t<\/div>\n\t\t<\/section>\n\t\t\t\t<section class=\"elementor-section elementor-top-section elementor-element elementor-element-4513950 elementor-section-boxed elementor-section-height-default elementor-section-height-default\" data-id=\"4513950\" data-element_type=\"section\">\n\t\t\t\t\t\t<div class=\"elementor-container elementor-column-gap-default\">\n\t\t\t\t\t<div class=\"elementor-column elementor-col-50 elementor-top-column elementor-element elementor-element-517bcc4\" data-id=\"517bcc4\" data-element_type=\"column\">\n\t\t\t<div class=\"elementor-widget-wrap elementor-element-populated\">\n\t\t\t\t\t\t<div class=\"elementor-element elementor-element-5af6169 elementor-widget elementor-widget-html\" data-id=\"5af6169\" data-element_type=\"widget\" data-widget_type=\"html.default\">\n\t\t\t\t<div class=\"elementor-widget-container\">\n\t\t\t\t\t<presentation>Pour les amateurs de sports d'hiver, vous d\u00e9couvrirez de \r\nnombreuses pistes de skis permettant de passer des moments inoubliables sur la neige.<\/presentation>\t\t\t\t<\/div>\n\t\t\t\t<\/div>\n\t\t\t\t<div class=\"elementor-element elementor-element-cfdd002 elementor-button-info elementor-align-center elementor-widget elementor-widget-button\" data-id=\"cfdd002\" data-element_type=\"widget\" data-widget_type=\"button.default\">\n\t\t\t\t<div class=\"elementor-widget-container\">\n\t\t\t\t\t\t\t\t\t<div class=\"elementor-button-wrapper\">\n\t\t\t\t\t<a class=\"elementor-button elementor-button-link elementor-size-xs\" href=\"http:\/\/mieuxvivreamijoux.fr\/?page_id=417\">\n\t\t\t\t\t\t<span class=\"elementor-button-content-wrapper\">\n\t\t\t\t\t\t\t\t\t<span class=\"elementor-button-text\">Stations de skis<\/span>\n\t\t\t\t\t<\/span>\n\t\t\t\t\t<\/a>\n\t\t\t\t<\/div>\n\t\t\t\t\t\t\t\t<\/div>\n\t\t\t\t<\/div>\n\t\t\t\t\t<\/div>\n\t\t<\/div>\n\t\t\t\t<div class=\"elementor-column elementor-col-50 elementor-top-column elementor-element elementor-element-0fb272d\" data-id=\"0fb272d\" data-element_type=\"column\">\n\t\t\t<div class=\"elementor-widget-wrap elementor-element-populated\">\n\t\t\t\t\t\t<div class=\"elementor-element elementor-element-e13ff4c elementor-widget elementor-widget-image\" data-id=\"e13ff4c\" data-element_type=\"widget\" data-widget_type=\"image.default\">\n\t\t\t\t<div class=\"elementor-widget-container\">\n\t\t\t\t\t\t\t\t\t\t\t\t\t\t\t<img decoding=\"async\" width=\"619\" height=\"430\" src=\"http:\/\/mieuxvivreamijoux.fr\/wp-content\/uploads\/2017\/12\/Mijoux-619x430.jpg\" class=\"attachment-fifteen-slider-thumb size-fifteen-slider-thumb wp-image-240\" alt=\"mijoux\" \/>\t\t\t\t\t\t\t\t\t\t\t\t\t\t\t<\/div>\n\t\t\t\t<\/div>\n\t\t\t\t\t<\/div>\n\t\t<\/div>\n\t\t\t\t\t<\/div>\n\t\t<\/section>\n\t\t\t\t<section class=\"elementor-section elementor-top-section elementor-element elementor-element-0e4c352 elementor-section-boxed elementor-section-height-default elementor-section-height-default\" data-id=\"0e4c352\" data-element_type=\"section\">\n\t\t\t\t\t\t<div class=\"elementor-container elementor-column-gap-default\">\n\t\t\t\t\t<div class=\"elementor-column elementor-col-100 elementor-top-column elementor-element elementor-element-e2fc7e4\" data-id=\"e2fc7e4\" data-element_type=\"column\">\n\t\t\t<div class=\"elementor-widget-wrap elementor-element-populated\">\n\t\t\t\t\t\t\t<\/div>\n\t\t<\/div>\n\t\t\t\t\t<\/div>\n\t\t<\/section>\n\t\t\t\t<section class=\"elementor-section elementor-top-section elementor-element elementor-element-9a65ed7 elementor-section-boxed elementor-section-height-default elementor-section-height-default\" data-id=\"9a65ed7\" data-element_type=\"section\">\n\t\t\t\t\t\t<div class=\"elementor-container elementor-column-gap-default\">\n\t\t\t\t\t<div class=\"elementor-column elementor-col-50 elementor-top-column elementor-element elementor-element-aec507c\" data-id=\"aec507c\" data-element_type=\"column\">\n\t\t\t<div class=\"elementor-widget-wrap elementor-element-populated\">\n\t\t\t\t\t\t<div class=\"elementor-element elementor-element-8143d38 elementor-widget elementor-widget-html\" data-id=\"8143d38\" data-element_type=\"widget\" data-widget_type=\"html.default\">\n\t\t\t\t<div class=\"elementor-widget-container\">\n\t\t\t\t\t<presentation>De nombreuses activit\u00e9s telles que VTT, p\u00eache, golf, aventure, ainsi que la d\u00e9couverte des richesses locales dans le domaine du bois, de la fromagerie, de la bijouterie, sont accessibles.<\/presentation>\t\t\t\t<\/div>\n\t\t\t\t<\/div>\n\t\t\t\t\t<\/div>\n\t\t<\/div>\n\t\t\t\t<div class=\"elementor-column elementor-col-50 elementor-top-column elementor-element elementor-element-ffba479\" data-id=\"ffba479\" data-element_type=\"column\">\n\t\t\t<div class=\"elementor-widget-wrap elementor-element-populated\">\n\t\t\t\t\t\t<div class=\"elementor-element elementor-element-63bd397 elementor-widget elementor-widget-image\" data-id=\"63bd397\" data-element_type=\"widget\" data-widget_type=\"image.default\">\n\t\t\t\t<div class=\"elementor-widget-container\">\n\t\t\t\t\t\t\t\t\t\t\t\t\t\t\t<img decoding=\"async\" width=\"640\" height=\"208\" src=\"http:\/\/mieuxvivreamijoux.fr\/wp-content\/uploads\/2017\/12\/col_de_la_faucille-1-1024x333.jpg\" class=\"attachment-large size-large wp-image-237\" alt=\"mieux vivre\" srcset=\"http:\/\/mieuxvivreamijoux.fr\/wp-content\/uploads\/2017\/12\/col_de_la_faucille-1-1024x333.jpg 1024w, http:\/\/mieuxvivreamijoux.fr\/wp-content\/uploads\/2017\/12\/col_de_la_faucille-1-300x98.jpg 300w, http:\/\/mieuxvivreamijoux.fr\/wp-content\/uploads\/2017\/12\/col_de_la_faucille-1-768x250.jpg 768w, http:\/\/mieuxvivreamijoux.fr\/wp-content\/uploads\/2017\/12\/col_de_la_faucille-1.jpg 1150w\" sizes=\"(max-width: 640px) 100vw, 640px\" \/>\t\t\t\t\t\t\t\t\t\t\t\t\t\t\t<\/div>\n\t\t\t\t<\/div>\n\t\t\t\t\t<\/div>\n\t\t<\/div>\n\t\t\t\t\t<\/div>\n\t\t<\/section>\n\t\t\t\t<\/div>\n\t\t","protected":false},"excerpt":{"rendered":"<p>Mijoux est en r\u00e9gion Rh\u00f4ne-Alpes, dans le d\u00e9partement de l&rsquo;Ain, et fait partie de l&rsquo;intercommunalit\u00e9 du Pays de Gex. C&rsquo;est un magnifique village&#8230;<\/p>\n","protected":false},"author":1,"featured_media":0,"parent":30,"menu_order":0,"comment_status":"closed","ping_status":"closed","template":"","meta":{"footnotes":""},"class_list":["post-220","page","type-page","status-publish","hentry"],"yoast_head":"<!-- This site is optimized with the Yoast SEO plugin v20.5 - https:\/\/yoast.com\/wordpress\/plugins\/seo\/ -->\n<title>Maison familiale de Saint Marcel \u00e0 Mijoux (le Bief Bruyant)<\/title>\n<meta name=\"robots\" content=\"index, follow, max-snippet:-1, max-image-preview:large, max-video-preview:-1\" \/>\n<link rel=\"canonical\" href=\"http:\/\/mieuxvivreamijoux.fr\/?page_id=220\" \/>\n<meta property=\"og:locale\" content=\"fr_FR\" \/>\n<meta property=\"og:type\" content=\"article\" \/>\n<meta property=\"og:title\" content=\"Maison familiale de Saint Marcel \u00e0 Mijoux (le Bief Bruyant)\" \/>\n<meta property=\"og:description\" content=\"Mijoux est en r\u00e9gion Rh\u00f4ne-Alpes, dans le d\u00e9partement de l&rsquo;Ain, et fait partie de l&rsquo;intercommunalit\u00e9 du Pays de Gex. C&rsquo;est un magnifique village...\" \/>\n<meta property=\"og:url\" content=\"http:\/\/mieuxvivreamijoux.fr\/?page_id=220\" \/>\n<meta property=\"og:site_name\" content=\"Maison Familiale de Saint Marcel\" \/>\n<meta property=\"article:publisher\" content=\"https:\/\/www.facebook.com\/sejoursgestionlibrefamillesgroupes\/?fref=ts\" \/>\n<meta property=\"article:modified_time\" content=\"2018-02-04T14:29:30+00:00\" \/>\n<meta property=\"og:image\" content=\"http:\/\/mieuxvivreamijoux.fr\/wp-content\/uploads\/2017\/12\/Paysage-et-maison-860x430.jpg\" \/>\n<meta name=\"twitter:card\" content=\"summary_large_image\" \/>\n<meta name=\"twitter:label1\" content=\"Dur\u00e9e de lecture estim\u00e9e\" \/>\n\t<meta name=\"twitter:data1\" content=\"1 minute\" \/>\n<script type=\"application\/ld+json\" class=\"yoast-schema-graph\">{\"@context\":\"https:\/\/schema.org\",\"@graph\":[{\"@type\":\"WebPage\",\"@id\":\"http:\/\/mieuxvivreamijoux.fr\/?page_id=220\",\"url\":\"http:\/\/mieuxvivreamijoux.fr\/?page_id=220\",\"name\":\"Maison familiale de Saint Marcel \u00e0 Mijoux (le Bief Bruyant)\",\"isPartOf\":{\"@id\":\"http:\/\/mieuxvivreamijoux.fr\/#website\"},\"datePublished\":\"2017-12-17T14:47:33+00:00\",\"dateModified\":\"2018-02-04T14:29:30+00:00\",\"breadcrumb\":{\"@id\":\"http:\/\/mieuxvivreamijoux.fr\/?page_id=220#breadcrumb\"},\"inLanguage\":\"fr-FR\",\"potentialAction\":[{\"@type\":\"ReadAction\",\"target\":[\"http:\/\/mieuxvivreamijoux.fr\/?page_id=220\"]}]},{\"@type\":\"BreadcrumbList\",\"@id\":\"http:\/\/mieuxvivreamijoux.fr\/?page_id=220#breadcrumb\",\"itemListElement\":[{\"@type\":\"ListItem\",\"position\":1,\"name\":\"Accueil\",\"item\":\"http:\/\/mieuxvivreamijoux.fr\/\"},{\"@type\":\"ListItem\",\"position\":2,\"name\":\"Lieux\",\"item\":\"http:\/\/mieuxvivreamijoux.fr\/?page_id=30\"},{\"@type\":\"ListItem\",\"position\":3,\"name\":\"Pr\u00e9sentation\"}]},{\"@type\":\"WebSite\",\"@id\":\"http:\/\/mieuxvivreamijoux.fr\/#website\",\"url\":\"http:\/\/mieuxvivreamijoux.fr\/\",\"name\":\"Maison Familiale de Saint Marcel\",\"description\":\"1120 Route de la Vall\u00e9e &quot;Le Bief Bruyant&quot; \u00e0 Mijoux 01410\",\"publisher\":{\"@id\":\"http:\/\/mieuxvivreamijoux.fr\/#organization\"},\"potentialAction\":[{\"@type\":\"SearchAction\",\"target\":{\"@type\":\"EntryPoint\",\"urlTemplate\":\"http:\/\/mieuxvivreamijoux.fr\/?s={search_term_string}\"},\"query-input\":\"required name=search_term_string\"}],\"inLanguage\":\"fr-FR\"},{\"@type\":\"Organization\",\"@id\":\"http:\/\/mieuxvivreamijoux.fr\/#organization\",\"name\":\"Mieux Vivre\",\"url\":\"http:\/\/mieuxvivreamijoux.fr\/\",\"logo\":{\"@type\":\"ImageObject\",\"inLanguage\":\"fr-FR\",\"@id\":\"http:\/\/mieuxvivreamijoux.fr\/#\/schema\/logo\/image\/\",\"url\":\"http:\/\/mieuxvivreamijoux.fr\/wp-content\/uploads\/2018\/01\/LOGO.png\",\"contentUrl\":\"http:\/\/mieuxvivreamijoux.fr\/wp-content\/uploads\/2018\/01\/LOGO.png\",\"width\":769,\"height\":779,\"caption\":\"Mieux Vivre\"},\"image\":{\"@id\":\"http:\/\/mieuxvivreamijoux.fr\/#\/schema\/logo\/image\/\"},\"sameAs\":[\"https:\/\/www.facebook.com\/sejoursgestionlibrefamillesgroupes\/?fref=ts\"]}]}<\/script>\n<!-- \/ Yoast SEO plugin. -->","yoast_head_json":{"title":"Maison familiale de Saint Marcel \u00e0 Mijoux (le Bief Bruyant)","robots":{"index":"index","follow":"follow","max-snippet":"max-snippet:-1","max-image-preview":"max-image-preview:large","max-video-preview":"max-video-preview:-1"},"canonical":"http:\/\/mieuxvivreamijoux.fr\/?page_id=220","og_locale":"fr_FR","og_type":"article","og_title":"Maison familiale de Saint Marcel \u00e0 Mijoux (le Bief Bruyant)","og_description":"Mijoux est en r\u00e9gion Rh\u00f4ne-Alpes, dans le d\u00e9partement de l&rsquo;Ain, et fait partie de l&rsquo;intercommunalit\u00e9 du Pays de Gex. C&rsquo;est un magnifique village...","og_url":"http:\/\/mieuxvivreamijoux.fr\/?page_id=220","og_site_name":"Maison Familiale de Saint Marcel","article_publisher":"https:\/\/www.facebook.com\/sejoursgestionlibrefamillesgroupes\/?fref=ts","article_modified_time":"2018-02-04T14:29:30+00:00","og_image":[{"url":"http:\/\/mieuxvivreamijoux.fr\/wp-content\/uploads\/2017\/12\/Paysage-et-maison-860x430.jpg"}],"twitter_card":"summary_large_image","twitter_misc":{"Dur\u00e9e de lecture estim\u00e9e":"1 minute"},"schema":{"@context":"https:\/\/schema.org","@graph":[{"@type":"WebPage","@id":"http:\/\/mieuxvivreamijoux.fr\/?page_id=220","url":"http:\/\/mieuxvivreamijoux.fr\/?page_id=220","name":"Maison familiale de Saint Marcel \u00e0 Mijoux (le Bief Bruyant)","isPartOf":{"@id":"http:\/\/mieuxvivreamijoux.fr\/#website"},"datePublished":"2017-12-17T14:47:33+00:00","dateModified":"2018-02-04T14:29:30+00:00","breadcrumb":{"@id":"http:\/\/mieuxvivreamijoux.fr\/?page_id=220#breadcrumb"},"inLanguage":"fr-FR","potentialAction":[{"@type":"ReadAction","target":["http:\/\/mieuxvivreamijoux.fr\/?page_id=220"]}]},{"@type":"BreadcrumbList","@id":"http:\/\/mieuxvivreamijoux.fr\/?page_id=220#breadcrumb","itemListElement":[{"@type":"ListItem","position":1,"name":"Accueil","item":"http:\/\/mieuxvivreamijoux.fr\/"},{"@type":"ListItem","position":2,"name":"Lieux","item":"http:\/\/mieuxvivreamijoux.fr\/?page_id=30"},{"@type":"ListItem","position":3,"name":"Pr\u00e9sentation"}]},{"@type":"WebSite","@id":"http:\/\/mieuxvivreamijoux.fr\/#website","url":"http:\/\/mieuxvivreamijoux.fr\/","name":"Maison Familiale de Saint Marcel","description":"1120 Route de la Vall\u00e9e &quot;Le Bief Bruyant&quot; \u00e0 Mijoux 01410","publisher":{"@id":"http:\/\/mieuxvivreamijoux.fr\/#organization"},"potentialAction":[{"@type":"SearchAction","target":{"@type":"EntryPoint","urlTemplate":"http:\/\/mieuxvivreamijoux.fr\/?s={search_term_string}"},"query-input":"required name=search_term_string"}],"inLanguage":"fr-FR"},{"@type":"Organization","@id":"http:\/\/mieuxvivreamijoux.fr\/#organization","name":"Mieux Vivre","url":"http:\/\/mieuxvivreamijoux.fr\/","logo":{"@type":"ImageObject","inLanguage":"fr-FR","@id":"http:\/\/mieuxvivreamijoux.fr\/#\/schema\/logo\/image\/","url":"http:\/\/mieuxvivreamijoux.fr\/wp-content\/uploads\/2018\/01\/LOGO.png","contentUrl":"http:\/\/mieuxvivreamijoux.fr\/wp-content\/uploads\/2018\/01\/LOGO.png","width":769,"height":779,"caption":"Mieux Vivre"},"image":{"@id":"http:\/\/mieuxvivreamijoux.fr\/#\/schema\/logo\/image\/"},"sameAs":["https:\/\/www.facebook.com\/sejoursgestionlibrefamillesgroupes\/?fref=ts"]}]}},"_links":{"self":[{"href":"http:\/\/mieuxvivreamijoux.fr\/index.php?rest_route=\/wp\/v2\/pages\/220","targetHints":{"allow":["GET"]}}],"collection":[{"href":"http:\/\/mieuxvivreamijoux.fr\/index.php?rest_route=\/wp\/v2\/pages"}],"about":[{"href":"http:\/\/mieuxvivreamijoux.fr\/index.php?rest_route=\/wp\/v2\/types\/page"}],"author":[{"embeddable":true,"href":"http:\/\/mieuxvivreamijoux.fr\/index.php?rest_route=\/wp\/v2\/users\/1"}],"replies":[{"embeddable":true,"href":"http:\/\/mieuxvivreamijoux.fr\/index.php?rest_route=%2Fwp%2Fv2%2Fcomments&post=220"}],"version-history":[{"count":51,"href":"http:\/\/mieuxvivreamijoux.fr\/index.php?rest_route=\/wp\/v2\/pages\/220\/revisions"}],"predecessor-version":[{"id":883,"href":"http:\/\/mieuxvivreamijoux.fr\/index.php?rest_route=\/wp\/v2\/pages\/220\/revisions\/883"}],"up":[{"embeddable":true,"href":"http:\/\/mieuxvivreamijoux.fr\/index.php?rest_route=\/wp\/v2\/pages\/30"}],"wp:attachment":[{"href":"http:\/\/mieuxvivreamijoux.fr\/index.php?rest_route=%2Fwp%2Fv2%2Fmedia&parent=220"}],"curies":[{"name":"wp","href":"https:\/\/api.w.org\/{rel}","templated":true}]}}