{"id":34,"date":"2017-12-12T10:27:37","date_gmt":"2017-12-12T10:27:37","guid":{"rendered":"http:\/\/mieuxvivreamijoux.fr\/?page_id=34"},"modified":"2018-01-22T14:56:33","modified_gmt":"2018-01-22T14:56:33","slug":"reservation","status":"publish","type":"page","link":"http:\/\/mieuxvivreamijoux.fr\/?page_id=34","title":{"rendered":"Disponibilit\u00e9"},"content":{"rendered":"\t\t<div data-elementor-type=\"wp-page\" data-elementor-id=\"34\" class=\"elementor elementor-34 elementor-bc-flex-widget\">\n\t\t\t\t\t\t<section class=\"elementor-section elementor-top-section elementor-element elementor-element-e48c484 elementor-section-boxed elementor-section-height-default elementor-section-height-default\" data-id=\"e48c484\" data-element_type=\"section\">\n\t\t\t\t\t\t<div class=\"elementor-container elementor-column-gap-default\">\n\t\t\t\t\t<div class=\"elementor-column elementor-col-100 elementor-top-column elementor-element elementor-element-ce34095\" data-id=\"ce34095\" data-element_type=\"column\">\n\t\t\t<div class=\"elementor-widget-wrap elementor-element-populated\">\n\t\t\t\t\t\t<div class=\"elementor-element elementor-element-4fc53eb elementor-widget elementor-widget-wp-widget-bookingwidget\" data-id=\"4fc53eb\" data-element_type=\"widget\" data-widget_type=\"wp-widget-bookingwidget.default\">\n\t\t\t\t<div class=\"elementor-widget-container\">\n\t\t\t\t\t<div class='widget_wpdev_booking wpdevelop months_num_in_row_1'><div class='wpbc_only_calendar wpbc_container'><div id='calendar_booking_unselectable1'><\/div><span ><div style=\"clear:both;height:10px;\"><\/div><div class=\"wpbc_calendar_wraper wpbc_change_over_triangle wpbc_calendar_skin_legacy\"><div class=\"wpbc_cal_container bk_calendar_frame wpbc_no_custom_width  months_num_in_row_ cal_month_num_1 wpbc_timeslot_day_bg_as_available\" style=\"\"><div id=\"calendar_booking1\"  class=\"wpbc_calendar_id_1\" >\t<style id=\"wpbc_calendar_loader_inline_css\">\r\n\t\t\/* Critical loader styles (scoped by class names) *\/\r\n\t\t.calendar_loader_frame {\r\n\t\t\twidth: calc(341px * var(--wpbc-loader-cols, 1));\r\n\t\t\tmax-width: 100%;\r\n\t\t\theight: 307px;\r\n\t\t\tdisplay: flex;\r\n\t\t\tflex-flow: column nowrap;\r\n\t\t\talign-items: center;\r\n\t\t\tjustify-content: center;\r\n\t\t\tborder-radius: 5px;\r\n\t\t\tbox-shadow: 0 0 2px #ccc;\r\n\t\t\tgap: 15px;\r\n\t\t\t\/* Calendar variables (safe fallbacks) *\/\r\n\t\t\tcolor: var(--wpbc_cal-available-text-color, #2c3e50);\r\n\t\t\tbackground: rgb(from var(--wpbc_cal-available-day-color, #e6f2ff) r g b \/ var(--wpbc_cal-day-bg-color-opacity, 1));\r\n\t\t\tborder: var(--wpbc_cal-day-cell-border-width, 1px) solid var(--wpbc_cal-available-day-color, #aacbeb);\r\n\t\t}\r\n\t\t.calendar_loader_text {\r\n\t\t\tfont-size: 18px;\r\n\t\t\ttext-align: center;\r\n\t\t}\r\n\t\t.calendar_loader_frame__progress_line_container {\r\n\t\t\twidth: 50%;\r\n\t\t\theight: 3px;\r\n\t\t\tmargin-top: 7px;\r\n\t\t\toverflow: hidden;\r\n\t\t\tbackground: #202020;\r\n\t\t\tborder-radius: 30px;\r\n\t\t}\r\n\t\t.calendar_loader_frame__progress_line {\r\n\t\t\twidth: 0%;\r\n\t\t\theight: 3px;\r\n\t\t\tbackground: #8ECE01;\r\n\t\t\tborder-radius: 30px;\r\n\t\t\tanimation: calendar_loader_bar_progress 3s infinite linear;\r\n\t\t}\r\n\t\t@keyframes calendar_loader_bar_progress {\r\n\t\t\tto {\r\n\t\t\t\twidth: 100%;\r\n\t\t\t}\r\n\t\t}\r\n\t\t@media (prefers-reduced-motion: reduce) {\r\n\t\t\t.calendar_loader_frame__progress_line {\r\n\t\t\t\tanimation: none;\r\n\t\t\t\twidth: 50%;\r\n\t\t\t}\r\n\t\t}\r\n\t<\/style>\r\n\t\t<div class=\"calendar_loader_frame calendar_loader_frame1\"\r\n\t\tdata-wpbc-rid=\"1\"\r\n\t\tdata-wpbc-grace=\"8000\"\r\n\t\tstyle=\"--wpbc-loader-cols: 1;\"\r\n\t>\r\n\t\t<div class=\"calendar_loader_text\">Loading...<\/div>\r\n\t\t<div class=\"calendar_loader_frame__progress_line_container\">\r\n\t\t\t<div class=\"calendar_loader_frame__progress_line\"><\/div>\r\n\t\t<\/div>\r\n\t<\/div>\r\n\t<\/div><\/div><textarea id=\"date_booking1\" name=\"date_booking1\" autocomplete=\"off\" style=\"display:none;\"><\/textarea><\/div> <script type=\"text\/javascript\"> (function() { var a = setInterval( function() {  if ( ( 'undefined' === typeof _wpbc ) || ( 'undefined' === typeof jQuery ) || ! window.jQuery ) { return; } clearInterval( a ); jQuery( document ).ready( function (){ _wpbc.balancer__set_max_threads( 3 );  _wpbc.calendar__set_param_value( 1 , 'calendar_scroll_to' , false );  _wpbc.calendar__set_param_value( 1 , 'calendar_dates_start' , '' );  _wpbc.calendar__set_param_value( 1 , 'calendar_dates_end' , '' );  _wpbc.calendar__set_param_value( 1 , 'booking_max_monthes_in_calendar' , '10y' );  _wpbc.calendar__set_param_value( 1 , 'booking_start_day_weeek' , '1' );  _wpbc.calendar__set_param_value( 1 , 'calendar_number_of_months' , '1' );   _wpbc.calendar__set_param_value( 1, 'days_select_mode', 'multiple' );   _wpbc.calendar__set_param_value( 1, 'fixed__days_num', 0 );   _wpbc.calendar__set_param_value( 1, 'fixed__week_days__start',   [] );   _wpbc.calendar__set_param_value( 1, 'dynamic__days_min', 0 );   _wpbc.calendar__set_param_value( 1, 'dynamic__days_max', 0 );   _wpbc.calendar__set_param_value( 1, 'dynamic__days_specific',    [] );   _wpbc.calendar__set_param_value( 1, 'dynamic__week_days__start', [] );   _wpbc.calendar__set_param_value( 1, 'booking_date_format', 'F j, Y' );   _wpbc.calendar__set_param_value( 1, 'booking_time_format', 'g:i a' );   if ( 'function' === typeof ( wpbc__conditions__SAVE_INITIAL__days_selection_params__bm ) ){ wpbc__conditions__SAVE_INITIAL__days_selection_params__bm( 1 ); }   wpbc_calendar_show( '1' );   _wpbc.set_secure_param( 'nonce',   '72bd190c3c' );   _wpbc.set_secure_param( 'user_id', '0' );   _wpbc.set_secure_param( 'locale',  'fr_FR' );  wpbc_calendar__load_data__ajx( {\"resource_id\":1,\"booking_hash\":\"\",\"request_uri\":\"\\\/index.php?rest_route=wpv2pages34\",\"custom_form\":\"standard\",\"aggregate_resource_id_str\":\"\",\"aggregate_type\":\"all\"} ); } ); }, 500 ); })();<\/script><\/span><\/div><\/div>\t\t\t\t<\/div>\n\t\t\t\t<\/div>\n\t\t\t\t\t<\/div>\n\t\t<\/div>\n\t\t\t\t\t<\/div>\n\t\t<\/section>\n\t\t\t\t<section class=\"elementor-section elementor-top-section elementor-element elementor-element-8d3f56c elementor-section-boxed elementor-section-height-default elementor-section-height-default\" data-id=\"8d3f56c\" data-element_type=\"section\">\n\t\t\t\t\t\t<div class=\"elementor-container elementor-column-gap-default\">\n\t\t\t\t\t<div class=\"elementor-column elementor-col-50 elementor-top-column elementor-element elementor-element-d6eab77\" data-id=\"d6eab77\" data-element_type=\"column\">\n\t\t\t<div class=\"elementor-widget-wrap elementor-element-populated\">\n\t\t\t\t\t\t<div class=\"elementor-element elementor-element-0b692d1 elementor-align-center elementor-widget elementor-widget-button\" data-id=\"0b692d1\" data-element_type=\"widget\" data-widget_type=\"button.default\">\n\t\t\t\t<div class=\"elementor-widget-container\">\n\t\t\t\t\t\t\t\t\t<div class=\"elementor-button-wrapper\">\n\t\t\t\t\t<a class=\"elementor-button elementor-size-sm\" role=\"button\">\n\t\t\t\t\t\t<span class=\"elementor-button-content-wrapper\">\n\t\t\t\t\t\t\t\t\t<span class=\"elementor-button-text\">Date R\u00e9serv\u00e9e<\/span>\n\t\t\t\t\t<\/span>\n\t\t\t\t\t<\/a>\n\t\t\t\t<\/div>\n\t\t\t\t\t\t\t\t<\/div>\n\t\t\t\t<\/div>\n\t\t\t\t\t<\/div>\n\t\t<\/div>\n\t\t\t\t<div class=\"elementor-column elementor-col-50 elementor-top-column elementor-element elementor-element-0d810e6\" data-id=\"0d810e6\" data-element_type=\"column\">\n\t\t\t<div class=\"elementor-widget-wrap elementor-element-populated\">\n\t\t\t\t\t\t<div class=\"elementor-element elementor-element-a735898 elementor-align-center elementor-widget elementor-widget-button\" data-id=\"a735898\" data-element_type=\"widget\" data-widget_type=\"button.default\">\n\t\t\t\t<div class=\"elementor-widget-container\">\n\t\t\t\t\t\t\t\t\t<div class=\"elementor-button-wrapper\">\n\t\t\t\t\t<a class=\"elementor-button elementor-button-link elementor-size-sm\" href=\"#\">\n\t\t\t\t\t\t<span class=\"elementor-button-content-wrapper\">\n\t\t\t\t\t\t\t\t\t<span class=\"elementor-button-text\">Disponible<\/span>\n\t\t\t\t\t<\/span>\n\t\t\t\t\t<\/a>\n\t\t\t\t<\/div>\n\t\t\t\t\t\t\t\t<\/div>\n\t\t\t\t<\/div>\n\t\t\t\t\t<\/div>\n\t\t<\/div>\n\t\t\t\t\t<\/div>\n\t\t<\/section>\n\t\t\t\t<\/div>\n\t\t","protected":false},"excerpt":{"rendered":"<p>Date R\u00e9serv\u00e9e Disponible<\/p>\n","protected":false},"author":1,"featured_media":0,"parent":0,"menu_order":0,"comment_status":"closed","ping_status":"closed","template":"","meta":{"footnotes":""},"class_list":["post-34","page","type-page","status-publish","hentry"],"yoast_head":"<!-- This site is optimized with the Yoast SEO plugin v20.5 - https:\/\/yoast.com\/wordpress\/plugins\/seo\/ -->\n<title>Maison familiale de Saint Marcel \u00e0 Mijoux (le Bief Bruyant)<\/title>\n<meta name=\"robots\" content=\"index, follow, max-snippet:-1, max-image-preview:large, max-video-preview:-1\" \/>\n<link rel=\"canonical\" href=\"http:\/\/mieuxvivreamijoux.fr\/?page_id=34\" \/>\n<meta property=\"og:locale\" content=\"fr_FR\" \/>\n<meta property=\"og:type\" content=\"article\" \/>\n<meta property=\"og:title\" content=\"Maison familiale de Saint Marcel \u00e0 Mijoux (le Bief Bruyant)\" \/>\n<meta property=\"og:description\" content=\"Date R\u00e9serv\u00e9e Disponible\" \/>\n<meta property=\"og:url\" content=\"http:\/\/mieuxvivreamijoux.fr\/?page_id=34\" \/>\n<meta property=\"og:site_name\" content=\"Maison Familiale de Saint Marcel\" \/>\n<meta property=\"article:publisher\" content=\"https:\/\/www.facebook.com\/sejoursgestionlibrefamillesgroupes\/?fref=ts\" \/>\n<meta property=\"article:modified_time\" content=\"2018-01-22T14:56:33+00:00\" \/>\n<meta name=\"twitter:card\" content=\"summary_large_image\" \/>\n<script type=\"application\/ld+json\" class=\"yoast-schema-graph\">{\"@context\":\"https:\/\/schema.org\",\"@graph\":[{\"@type\":\"WebPage\",\"@id\":\"http:\/\/mieuxvivreamijoux.fr\/?page_id=34\",\"url\":\"http:\/\/mieuxvivreamijoux.fr\/?page_id=34\",\"name\":\"Maison familiale de Saint Marcel \u00e0 Mijoux (le Bief Bruyant)\",\"isPartOf\":{\"@id\":\"http:\/\/mieuxvivreamijoux.fr\/#website\"},\"datePublished\":\"2017-12-12T10:27:37+00:00\",\"dateModified\":\"2018-01-22T14:56:33+00:00\",\"breadcrumb\":{\"@id\":\"http:\/\/mieuxvivreamijoux.fr\/?page_id=34#breadcrumb\"},\"inLanguage\":\"fr-FR\",\"potentialAction\":[{\"@type\":\"ReadAction\",\"target\":[\"http:\/\/mieuxvivreamijoux.fr\/?page_id=34\"]}]},{\"@type\":\"BreadcrumbList\",\"@id\":\"http:\/\/mieuxvivreamijoux.fr\/?page_id=34#breadcrumb\",\"itemListElement\":[{\"@type\":\"ListItem\",\"position\":1,\"name\":\"Accueil\",\"item\":\"http:\/\/mieuxvivreamijoux.fr\/\"},{\"@type\":\"ListItem\",\"position\":2,\"name\":\"Disponibilit\u00e9\"}]},{\"@type\":\"WebSite\",\"@id\":\"http:\/\/mieuxvivreamijoux.fr\/#website\",\"url\":\"http:\/\/mieuxvivreamijoux.fr\/\",\"name\":\"Maison Familiale de Saint Marcel\",\"description\":\"1120 Route de la Vall\u00e9e &quot;Le Bief Bruyant&quot; \u00e0 Mijoux 01410\",\"publisher\":{\"@id\":\"http:\/\/mieuxvivreamijoux.fr\/#organization\"},\"potentialAction\":[{\"@type\":\"SearchAction\",\"target\":{\"@type\":\"EntryPoint\",\"urlTemplate\":\"http:\/\/mieuxvivreamijoux.fr\/?s={search_term_string}\"},\"query-input\":\"required name=search_term_string\"}],\"inLanguage\":\"fr-FR\"},{\"@type\":\"Organization\",\"@id\":\"http:\/\/mieuxvivreamijoux.fr\/#organization\",\"name\":\"Mieux Vivre\",\"url\":\"http:\/\/mieuxvivreamijoux.fr\/\",\"logo\":{\"@type\":\"ImageObject\",\"inLanguage\":\"fr-FR\",\"@id\":\"http:\/\/mieuxvivreamijoux.fr\/#\/schema\/logo\/image\/\",\"url\":\"http:\/\/mieuxvivreamijoux.fr\/wp-content\/uploads\/2018\/01\/LOGO.png\",\"contentUrl\":\"http:\/\/mieuxvivreamijoux.fr\/wp-content\/uploads\/2018\/01\/LOGO.png\",\"width\":769,\"height\":779,\"caption\":\"Mieux Vivre\"},\"image\":{\"@id\":\"http:\/\/mieuxvivreamijoux.fr\/#\/schema\/logo\/image\/\"},\"sameAs\":[\"https:\/\/www.facebook.com\/sejoursgestionlibrefamillesgroupes\/?fref=ts\"]}]}<\/script>\n<!-- \/ Yoast SEO plugin. -->","yoast_head_json":{"title":"Maison familiale de Saint Marcel \u00e0 Mijoux (le Bief Bruyant)","robots":{"index":"index","follow":"follow","max-snippet":"max-snippet:-1","max-image-preview":"max-image-preview:large","max-video-preview":"max-video-preview:-1"},"canonical":"http:\/\/mieuxvivreamijoux.fr\/?page_id=34","og_locale":"fr_FR","og_type":"article","og_title":"Maison familiale de Saint Marcel \u00e0 Mijoux (le Bief Bruyant)","og_description":"Date R\u00e9serv\u00e9e Disponible","og_url":"http:\/\/mieuxvivreamijoux.fr\/?page_id=34","og_site_name":"Maison Familiale de Saint Marcel","article_publisher":"https:\/\/www.facebook.com\/sejoursgestionlibrefamillesgroupes\/?fref=ts","article_modified_time":"2018-01-22T14:56:33+00:00","twitter_card":"summary_large_image","schema":{"@context":"https:\/\/schema.org","@graph":[{"@type":"WebPage","@id":"http:\/\/mieuxvivreamijoux.fr\/?page_id=34","url":"http:\/\/mieuxvivreamijoux.fr\/?page_id=34","name":"Maison familiale de Saint Marcel \u00e0 Mijoux (le Bief Bruyant)","isPartOf":{"@id":"http:\/\/mieuxvivreamijoux.fr\/#website"},"datePublished":"2017-12-12T10:27:37+00:00","dateModified":"2018-01-22T14:56:33+00:00","breadcrumb":{"@id":"http:\/\/mieuxvivreamijoux.fr\/?page_id=34#breadcrumb"},"inLanguage":"fr-FR","potentialAction":[{"@type":"ReadAction","target":["http:\/\/mieuxvivreamijoux.fr\/?page_id=34"]}]},{"@type":"BreadcrumbList","@id":"http:\/\/mieuxvivreamijoux.fr\/?page_id=34#breadcrumb","itemListElement":[{"@type":"ListItem","position":1,"name":"Accueil","item":"http:\/\/mieuxvivreamijoux.fr\/"},{"@type":"ListItem","position":2,"name":"Disponibilit\u00e9"}]},{"@type":"WebSite","@id":"http:\/\/mieuxvivreamijoux.fr\/#website","url":"http:\/\/mieuxvivreamijoux.fr\/","name":"Maison Familiale de Saint Marcel","description":"1120 Route de la Vall\u00e9e &quot;Le Bief Bruyant&quot; \u00e0 Mijoux 01410","publisher":{"@id":"http:\/\/mieuxvivreamijoux.fr\/#organization"},"potentialAction":[{"@type":"SearchAction","target":{"@type":"EntryPoint","urlTemplate":"http:\/\/mieuxvivreamijoux.fr\/?s={search_term_string}"},"query-input":"required name=search_term_string"}],"inLanguage":"fr-FR"},{"@type":"Organization","@id":"http:\/\/mieuxvivreamijoux.fr\/#organization","name":"Mieux Vivre","url":"http:\/\/mieuxvivreamijoux.fr\/","logo":{"@type":"ImageObject","inLanguage":"fr-FR","@id":"http:\/\/mieuxvivreamijoux.fr\/#\/schema\/logo\/image\/","url":"http:\/\/mieuxvivreamijoux.fr\/wp-content\/uploads\/2018\/01\/LOGO.png","contentUrl":"http:\/\/mieuxvivreamijoux.fr\/wp-content\/uploads\/2018\/01\/LOGO.png","width":769,"height":779,"caption":"Mieux Vivre"},"image":{"@id":"http:\/\/mieuxvivreamijoux.fr\/#\/schema\/logo\/image\/"},"sameAs":["https:\/\/www.facebook.com\/sejoursgestionlibrefamillesgroupes\/?fref=ts"]}]}},"_links":{"self":[{"href":"http:\/\/mieuxvivreamijoux.fr\/index.php?rest_route=\/wp\/v2\/pages\/34","targetHints":{"allow":["GET"]}}],"collection":[{"href":"http:\/\/mieuxvivreamijoux.fr\/index.php?rest_route=\/wp\/v2\/pages"}],"about":[{"href":"http:\/\/mieuxvivreamijoux.fr\/index.php?rest_route=\/wp\/v2\/types\/page"}],"author":[{"embeddable":true,"href":"http:\/\/mieuxvivreamijoux.fr\/index.php?rest_route=\/wp\/v2\/users\/1"}],"replies":[{"embeddable":true,"href":"http:\/\/mieuxvivreamijoux.fr\/index.php?rest_route=%2Fwp%2Fv2%2Fcomments&post=34"}],"version-history":[{"count":18,"href":"http:\/\/mieuxvivreamijoux.fr\/index.php?rest_route=\/wp\/v2\/pages\/34\/revisions"}],"predecessor-version":[{"id":835,"href":"http:\/\/mieuxvivreamijoux.fr\/index.php?rest_route=\/wp\/v2\/pages\/34\/revisions\/835"}],"wp:attachment":[{"href":"http:\/\/mieuxvivreamijoux.fr\/index.php?rest_route=%2Fwp%2Fv2%2Fmedia&parent=34"}],"curies":[{"name":"wp","href":"https:\/\/api.w.org\/{rel}","templated":true}]}}